{"id":10982,"date":"2019-12-12T15:52:49","date_gmt":"2019-12-12T15:52:49","guid":{"rendered":"https:\/\/muzaba.com\/wordpress\/?page_id=10982"},"modified":"2025-10-23T14:23:20","modified_gmt":"2025-10-23T14:23:20","slug":"list-of-hujaj","status":"publish","type":"page","link":"https:\/\/muzaba.com\/?page_id=10982","title":{"rendered":"List of Hujaj"},"content":{"rendered":"<div class=\"wpb-content-wrapper\"><p>Simplify the process of getting your ESA letter with <a href='https:\/\/esa-letter.com\/'>esa-letter.com<\/a>. Their licensed therapists provide emotional support animal letters accepted by landlords and airlines across the country. Visit <a href='https:\/\/esa-letter.com\/'>esa-letter.com<\/a> for a hassle-free experience and professional assistance tailored to your needs.<\/p>\n<p>Pentru a ob\u021bine un credit urgent de azi, este important s\u0103 ai o strategie bine pus\u0103 la punct. Primul pas este s\u0103 \u00ee\u021bi evaluezi <a href=\"https:\/\/mycash.ro\/\">imprumut rapid online<\/a> nevoile financiare \u0219i s\u0103 stabile\u0219ti suma exact\u0103 de bani de care ai nevoie. Apoi, ar trebui s\u0103 cau\u021bi institu\u021bii financiare de \u00eencredere care ofer\u0103 astfel de servicii \u0219i s\u0103 compari ofertele disponibile.<\/p>\n<p>[vc_section][vc_row][vc_column]<div class=\"tm-element-heading-wrapper tm-heading-inner tm-element-align-center tm-heading-with-separator \">[vc_cta h2=\"Muzaba Hujjaj List 2022\"  h2_google_fonts=\"font_family:Arimo%3Aregular%2Citalic%2C700%2C700italic|font_style:700%20bold%20regular%3A700%3Anormal\"  h4_google_fonts=\"font_family:Lato%3A100%2C100italic%2C300%2C300italic%2Cregular%2Citalic%2C700%2C700italic%2C900%2C900italic|font_style:300%20light%20regular%3A300%3Anormal\"  txt_align=\"center\"  heading_sep=\"yes\"  i_css_animation=\"\" css_animation=\"\"][\/vc_cta]<\/div> <!-- .tm-element-heading-wrapper container --> [\/vc_column][\/vc_row][vc_row][vc_column width=&#8221;1\/2&#8243;][vc_single_image image=&#8221;11152&#8243; img_size=&#8221;large&#8221; style=&#8221;vc_box_border&#8221; onclick=&#8221;img_link_large&#8221;][\/vc_column][vc_column width=&#8221;1\/2&#8243;][vc_single_image image=&#8221;11153&#8243; img_size=&#8221;large&#8221; style=&#8221;vc_box_border&#8221; onclick=&#8221;img_link_large&#8221;][\/vc_column][\/vc_row][vc_row css=&#8221;.vc_custom_1578246381201{margin-top: -150px !important;}&#8221;][vc_column]<div class=\"tm-element-heading-wrapper tm-heading-inner tm-element-align-center tm-heading-with-separator \">[vc_cta h2=\"Muzaba Hujjaj List 2019\"  h2_google_fonts=\"font_family:Arimo%3Aregular%2Citalic%2C700%2C700italic|font_style:700%20bold%20regular%3A700%3Anormal\"  h4_google_fonts=\"font_family:Lato%3A100%2C100italic%2C300%2C300italic%2Cregular%2Citalic%2C700%2C700italic%2C900%2C900italic|font_style:300%20light%20regular%3A300%3Anormal\"  txt_align=\"center\"  heading_sep=\"yes\"  i_css_animation=\"\" css_animation=\"\"][\/vc_cta]<\/div> <!-- .tm-element-heading-wrapper container --> [vc_row_inner css=&#8221;.vc_custom_1578245809967{margin-top: -50px !important;}&#8221;][vc_column_inner width=&#8221;1\/3&#8243;][vc_single_image image=&#8221;11093&#8243; img_size=&#8221;full&#8221; alignment=&#8221;center&#8221; style=&#8221;vc_box_rounded&#8221; css_animation=&#8221;fadeIn&#8221; css=&#8221;.vc_custom_1578246171890{margin-top: -20px !important;}&#8221;][\/vc_column_inner][vc_column_inner width=&#8221;1\/3&#8243;][vc_single_image image=&#8221;11094&#8243; img_size=&#8221;full&#8221; alignment=&#8221;center&#8221; style=&#8221;vc_box_rounded&#8221; css_animation=&#8221;fadeIn&#8221;][\/vc_column_inner][vc_column_inner width=&#8221;1\/3&#8243;][vc_single_image image=&#8221;11095&#8243; img_size=&#8221;full&#8221; alignment=&#8221;center&#8221; style=&#8221;vc_box_rounded&#8221; css_animation=&#8221;fadeIn&#8221;][\/vc_column_inner][\/vc_row_inner][\/vc_column][\/vc_row][\/vc_section][vc_row][vc_column]<div class=\"tm-element-heading-wrapper tm-heading-inner tm-element-align-center tm-heading-with-separator \">[vc_cta h2=\"Muzaba Hujjaj List 2018\"  h2_google_fonts=\"font_family:Arimo%3Aregular%2Citalic%2C700%2C700italic|font_style:700%20bold%20regular%3A700%3Anormal\"  h4_google_fonts=\"font_family:Lato%3A100%2C100italic%2C300%2C300italic%2Cregular%2Citalic%2C700%2C700italic%2C900%2C900italic|font_style:300%20light%20regular%3A300%3Anormal\"  txt_align=\"center\"  heading_sep=\"yes\"  i_css_animation=\"\" css_animation=\"\"][\/vc_cta]<\/div> <!-- .tm-element-heading-wrapper container --> [vc_row_inner css=&#8221;.vc_custom_1578245809967{margin-top: -50px !important;}&#8221;][vc_column_inner width=&#8221;1\/4&#8243;][vc_single_image image=&#8221;11080&#8243; img_size=&#8221;full&#8221; alignment=&#8221;center&#8221; style=&#8221;vc_box_rounded&#8221; css_animation=&#8221;fadeIn&#8221; css=&#8221;.vc_custom_1578245661984{margin-top: -20px !important;}&#8221;][\/vc_column_inner][vc_column_inner width=&#8221;1\/4&#8243;][vc_single_image image=&#8221;11081&#8243; img_size=&#8221;full&#8221; alignment=&#8221;center&#8221; style=&#8221;vc_box_rounded&#8221; css_animation=&#8221;fadeIn&#8221;][\/vc_column_inner][vc_column_inner width=&#8221;1\/4&#8243;][vc_single_image image=&#8221;11082&#8243; img_size=&#8221;full&#8221; alignment=&#8221;center&#8221; style=&#8221;vc_box_rounded&#8221; css_animation=&#8221;fadeIn&#8221;][\/vc_column_inner][vc_column_inner width=&#8221;1\/4&#8243;][vc_single_image image=&#8221;11083&#8243; img_size=&#8221;full&#8221; alignment=&#8221;center&#8221; style=&#8221;vc_box_rounded&#8221; css_animation=&#8221;fadeIn&#8221;][\/vc_column_inner][\/vc_row_inner][\/vc_column][\/vc_row]<\/p>\n<\/div>","protected":false},"excerpt":{"rendered":"<p>Simplify the process of getting your ESA letter with esa-letter.com. Their licensed therapists provide emotional support animal letters accepted by landlords and airlines across the country. Visit esa-letter.com for a hassle-free experience and professional assistance tailored to your needs. Pentru a ob\u021bine un credit urgent de azi, este important s\u0103 ai o strategie bine pus\u0103 [&hellip;]<\/p>\n","protected":false},"author":1,"featured_media":0,"parent":0,"menu_order":0,"comment_status":"closed","ping_status":"closed","template":"","meta":{"footnotes":""},"class_list":["post-10982","page","type-page","status-publish","hentry"],"_links":{"self":[{"href":"https:\/\/muzaba.com\/index.php?rest_route=\/wp\/v2\/pages\/10982","targetHints":{"allow":["GET"]}}],"collection":[{"href":"https:\/\/muzaba.com\/index.php?rest_route=\/wp\/v2\/pages"}],"about":[{"href":"https:\/\/muzaba.com\/index.php?rest_route=\/wp\/v2\/types\/page"}],"author":[{"embeddable":true,"href":"https:\/\/muzaba.com\/index.php?rest_route=\/wp\/v2\/users\/1"}],"replies":[{"embeddable":true,"href":"https:\/\/muzaba.com\/index.php?rest_route=%2Fwp%2Fv2%2Fcomments&post=10982"}],"version-history":[{"count":16,"href":"https:\/\/muzaba.com\/index.php?rest_route=\/wp\/v2\/pages\/10982\/revisions"}],"predecessor-version":[{"id":31614,"href":"https:\/\/muzaba.com\/index.php?rest_route=\/wp\/v2\/pages\/10982\/revisions\/31614"}],"wp:attachment":[{"href":"https:\/\/muzaba.com\/index.php?rest_route=%2Fwp%2Fv2%2Fmedia&parent=10982"}],"curies":[{"name":"wp","href":"https:\/\/api.w.org\/{rel}","templated":true}]}}